{"id":3661,"date":"2024-10-16T17:37:35","date_gmt":"2024-10-16T17:37:35","guid":{"rendered":"http:\/\/biblioteca.ajusco.upn.mx\/wp4-upn\/?page_id=3661"},"modified":"2026-03-24T19:34:09","modified_gmt":"2026-03-24T19:34:09","slug":"sala-infantil","status":"publish","type":"page","link":"http:\/\/biblioteca.ajusco.upn.mx\/index.php\/sala-infantil\/","title":{"rendered":"Sala Infantil"},"content":{"rendered":"<p>[et_pb_section fb_built=&#8221;1&#8243; _builder_version=&#8221;4.24.2&#8243; _module_preset=&#8221;default&#8221; global_colors_info=&#8221;{}&#8221;][et_pb_row column_structure=&#8221;3_5,2_5&#8243; _builder_version=&#8221;4.24.2&#8243; _module_preset=&#8221;default&#8221; global_colors_info=&#8221;{}&#8221;][et_pb_column type=&#8221;3_5&#8243; _builder_version=&#8221;4.24.2&#8243; _module_preset=&#8221;default&#8221; global_colors_info=&#8221;{}&#8221;][et_pb_text _builder_version=&#8221;4.24.2&#8243; _module_preset=&#8221;default&#8221; header_font=&#8221;|300|||||||&#8221; header_text_color=&#8221;#344a6b&#8221; header_font_size=&#8221;84px&#8221; global_colors_info=&#8221;{}&#8221;]<\/p>\n<h1>Sala infantil<\/h1>\n<p>[\/et_pb_text][et_pb_text _builder_version=&#8221;4.24.2&#8243; _module_preset=&#8221;default&#8221; text_font=&#8221;|300|||||||&#8221; global_colors_info=&#8221;{}&#8221;]<\/p>\n<p>Laboratorio pedag\u00f3gico donde la comunidad UPN realiza pr\u00e1cticas escolares con fines formativos, informativos y recreativos, principalmente de los programas educativos en Pedagog\u00eda y Psicolog\u00eda Educativa.<\/p>\n<p>[\/et_pb_text][et_pb_button button_text=&#8221;Contacto&#8221; _builder_version=&#8221;4.24.2&#8243; _module_preset=&#8221;default&#8221; custom_button=&#8221;on&#8221; button_text_size=&#8221;13px&#8221; button_text_color=&#8221;#FFFFFF&#8221; button_bg_color=&#8221;#0e50de&#8221; button_border_radius=&#8221;5px&#8221; button_icon=&#8221;&#xf0e0;||fa||900&#8243; global_colors_info=&#8221;{}&#8221;][\/et_pb_button][et_pb_text _builder_version=&#8221;4.24.2&#8243; _module_preset=&#8221;default&#8221; text_font=&#8221;|300|||||||&#8221; global_colors_info=&#8221;{}&#8221;]<\/p>\n<p>Tal vez quieras consultar:<\/p>\n<p><a href=\"#infantilServicios\">Servicios<\/a> | <a href=\"#infantilColecciones\">Colecciones<\/a><\/p>\n<p>[\/et_pb_text][\/et_pb_column][et_pb_column type=&#8221;2_5&#8243; _builder_version=&#8221;4.24.2&#8243; _module_preset=&#8221;default&#8221; global_colors_info=&#8221;{}&#8221;][et_pb_image src=&#8221;http:\/\/biblioteca.ajusco.upn.mx\/wp-content\/uploads\/2023\/09\/nina-leyendo-web.png&#8221; title_text=&#8221;nina-leyendo-web&#8221; _builder_version=&#8221;4.27.5&#8243; _module_preset=&#8221;default&#8221; hover_enabled=&#8221;0&#8243; global_colors_info=&#8221;{}&#8221; sticky_enabled=&#8221;0&#8243;][\/et_pb_image][\/et_pb_column][\/et_pb_row][\/et_pb_section][et_pb_section fb_built=&#8221;1&#8243; module_id=&#8221;infantilServicios&#8221; _builder_version=&#8221;4.24.2&#8243; _module_preset=&#8221;default&#8221; custom_padding=&#8221;||6px|||&#8221; global_colors_info=&#8221;{}&#8221;][et_pb_row _builder_version=&#8221;4.24.2&#8243; _module_preset=&#8221;default&#8221; global_colors_info=&#8221;{}&#8221;][et_pb_column type=&#8221;4_4&#8243; _builder_version=&#8221;4.24.2&#8243; _module_preset=&#8221;default&#8221; global_colors_info=&#8221;{}&#8221;][et_pb_text _builder_version=&#8221;4.24.2&#8243; _module_preset=&#8221;default&#8221; header_3_font=&#8221;|300||on|||||&#8221; header_3_text_color=&#8221;#0e50de&#8221; header_3_letter_spacing=&#8221;10px&#8221; global_colors_info=&#8221;{}&#8221;]<\/p>\n<h3>Servicios<\/h3>\n<p>[\/et_pb_text][et_pb_text _builder_version=&#8221;4.24.2&#8243; _module_preset=&#8221;default&#8221; text_font=&#8221;|300|||||||&#8221; global_colors_info=&#8221;{}&#8221;]<\/p>\n<p>La sala infantil ofrece sus servicios en el siguiente horario: <em><strong>Lunes a viernes de 08:00 a 16:00 hrs.<\/strong><\/em><\/p>\n<p>[\/et_pb_text][\/et_pb_column][\/et_pb_row][\/et_pb_section][et_pb_section fb_built=&#8221;1&#8243; specialty=&#8221;on&#8221; _builder_version=&#8221;4.24.2&#8243; _module_preset=&#8221;default&#8221; custom_padding=&#8221;10px|||||&#8221; global_colors_info=&#8221;{}&#8221;][et_pb_column type=&#8221;2_3&#8243; specialty_columns=&#8221;2&#8243; _builder_version=&#8221;4.16&#8243; custom_padding=&#8221;|||&#8221; global_colors_info=&#8221;{}&#8221; custom_padding__hover=&#8221;|||&#8221;][et_pb_row_inner column_structure=&#8221;1_2,1_2&#8243; _builder_version=&#8221;4.24.2&#8243; _module_preset=&#8221;default&#8221; global_colors_info=&#8221;{}&#8221;][et_pb_column_inner type=&#8221;1_2&#8243; saved_specialty_column_type=&#8221;2_3&#8243; _builder_version=&#8221;4.24.2&#8243; _module_preset=&#8221;default&#8221; global_colors_info=&#8221;{}&#8221;][et_pb_text _builder_version=&#8221;4.24.2&#8243; _module_preset=&#8221;default&#8221; header_3_font=&#8221;|300||||on|||&#8221; header_3_text_color=&#8221;#0e50de&#8221; header_3_letter_spacing=&#8221;3px&#8221; global_colors_info=&#8221;{}&#8221;]<\/p>\n<h3>Pr\u00e9stamo interno de recursos de informaci\u00f3n<\/h3>\n<p>[\/et_pb_text][et_pb_text _builder_version=&#8221;4.24.2&#8243; _module_preset=&#8221;default&#8221; text_font=&#8221;|300|||||||&#8221; global_colors_info=&#8221;{}&#8221;]<\/p>\n<p>Permite utilizar los recursos de informaci\u00f3n dentro de la biblioteca. Disponible para la comunidad UPN y p\u00fablico en general en las modalidad de estanter\u00eda abierta.<\/p>\n<p>[\/et_pb_text][dipl_modal modal_id=&#8221;dipl_modal_module_9&#8243; trigger_element_type=&#8221;text&#8221; trigger_text=&#8221;\u00bfQuieres consultar un libro dentro de la Biblioteca?&#8221; modal_title=&#8221;R.&#8221; close_button_text=&#8221;Cerrar&#8221; modal_header_bg_color=&#8221;#0e50de&#8221; modal_close_icon_color=&#8221;#FFFFFF&#8221; modal_position=&#8221;bottom_right&#8221; _builder_version=&#8221;4.24.2&#8243; _module_preset=&#8221;default&#8221; modal_title_text_font=&#8221;|300|||||||&#8221; modal_title_text_text_color=&#8221;#FFFFFF&#8221; modal_body_text_font=&#8221;|300|||||||&#8221; modal_body_text_text_color=&#8221;#344a6b&#8221; modal_trigger_text_font=&#8221;|300|||||||&#8221; modal_trigger_text_text_color=&#8221;#0e50de&#8221; custom_close_button=&#8221;on&#8221; close_button_text_size=&#8221;13px&#8221; close_button_text_color=&#8221;#FFFFFF&#8221; close_button_bg_color=&#8221;#0e50de&#8221; close_button_border_radius=&#8221;5px&#8221; close_button_font=&#8221;|||on|||||&#8221; modal_width=&#8221;25%&#8221; global_colors_info=&#8221;{}&#8221;]<\/p>\n<ol>\n<li>Busca en nuestro <a href=\"https:\/\/sibi.upn.mx\" target=\"_blank\" rel=\"noopener\" style=\"color: #0062ff;\">cat\u00e1logo en l\u00ednea<\/a> los recursos que requieras e identifica su clasificaci\u00f3n.<\/li>\n<li>Con esa informaci\u00f3n, acude a la sala infantil y busca los recursos dentro de las estanter\u00edas.<\/li>\n<li>Podr\u00e1s consultar hasta cuatro recursos simult\u00e1neamente.<\/li>\n<li>Al terminar la consulta de los recursos, depos\u00edtalos en los carritos transportadores (no lo dejes en la mesa o los vuelvas a poner en los estantes).<\/li>\n<\/ol>\n<p>[\/dipl_modal][et_pb_text _builder_version=&#8221;4.24.2&#8243; _module_preset=&#8221;default&#8221; text_font=&#8221;|300|||||||&#8221; global_colors_info=&#8221;{}&#8221;]<\/p>\n<p><strong>\u00bfDudas?<\/strong> Comun\u00edcate al correo <a href=\"mailto:circulacionbiblio@upn.mx\" target=\"_blank\" rel=\"noopener\">circulacionbiblio@upn.mx<\/a><\/p>\n<p>[\/et_pb_text][\/et_pb_column_inner][et_pb_column_inner type=&#8221;1_2&#8243; saved_specialty_column_type=&#8221;2_3&#8243; _builder_version=&#8221;4.24.2&#8243; _module_preset=&#8221;default&#8221; global_colors_info=&#8221;{}&#8221;][et_pb_text _builder_version=&#8221;4.24.2&#8243; _module_preset=&#8221;default&#8221; header_3_font=&#8221;|300||||on|||&#8221; header_3_text_color=&#8221;#0e50de&#8221; header_3_letter_spacing=&#8221;3px&#8221; global_colors_info=&#8221;{}&#8221;]<\/p>\n<h3>Pr\u00e9stamo a domicilio de recursos de informaci\u00f3n<\/h3>\n<p>[\/et_pb_text][et_pb_text _builder_version=&#8221;4.24.2&#8243; _module_preset=&#8221;default&#8221; text_font=&#8221;|300|||||||&#8221; global_colors_info=&#8221;{}&#8221;]<\/p>\n<p>Permite utilizar los recursos de informaci\u00f3n fuera de la biblioteca. Disponible para la comunidad UPN y p\u00fablico en general en las modalidad de estanter\u00eda abierta.<\/p>\n<p>[\/et_pb_text][dipl_modal modal_id=&#8221;dipl_modal_module_9&#8243; trigger_element_type=&#8221;text&#8221; trigger_text=&#8221;\u00bfQuieres llevarte libros a tu casa?&#8221; modal_title=&#8221;R.&#8221; close_button_text=&#8221;Cerrar&#8221; modal_header_bg_color=&#8221;#0e50de&#8221; modal_close_icon_color=&#8221;#FFFFFF&#8221; modal_position=&#8221;bottom_right&#8221; _builder_version=&#8221;4.24.2&#8243; _module_preset=&#8221;default&#8221; modal_title_text_font=&#8221;|300|||||||&#8221; modal_title_text_text_color=&#8221;#FFFFFF&#8221; modal_body_text_font=&#8221;|300|||||||&#8221; modal_body_text_text_color=&#8221;#344a6b&#8221; modal_trigger_text_font=&#8221;|300|||||||&#8221; modal_trigger_text_text_color=&#8221;#0e50de&#8221; custom_close_button=&#8221;on&#8221; close_button_text_size=&#8221;13px&#8221; close_button_text_color=&#8221;#FFFFFF&#8221; close_button_bg_color=&#8221;#0e50de&#8221; close_button_border_radius=&#8221;5px&#8221; close_button_font=&#8221;|||on|||||&#8221; modal_width=&#8221;25%&#8221; global_colors_info=&#8221;{}&#8221;]<\/p>\n<ol>\n<li>Busca en nuestro <a href=\"https:\/\/sibi.upn.mx\" target=\"_blank\" rel=\"noopener\" style=\"color: #0062ff;\">cat\u00e1logo en l\u00ednea<\/a> los recursos que requieras e identifica su clasificaci\u00f3n.<\/li>\n<li>Con esa informaci\u00f3n, acude a la sala infantil y busca los recursos dentro de las estanter\u00edas.<\/li>\n<li>Acude al mostrador de pr\u00e9stamo y solicita el material para pr\u00e9stamo a domicilio. Presenta tu identificaci\u00f3n vigente de la universidad.<\/li>\n<\/ol>\n<p>Disponible para la comunidad <span style=\"color: #0062ff;\"><strong>UPN de Ajusco<\/strong><\/span> y <span style=\"color: #0062ff;\"><strong>unidades de la CDMX<\/strong><\/span>.<\/p>\n<p>[\/dipl_modal][et_pb_text _builder_version=&#8221;4.24.2&#8243; _module_preset=&#8221;default&#8221; text_font=&#8221;|300|||||||&#8221; global_colors_info=&#8221;{}&#8221;]<\/p>\n<p><strong>\u00bfDudas?<\/strong> Comun\u00edcate al correo <a href=\"mailto:circulacionbiblio@upn.mx\" target=\"_blank\" rel=\"noopener\">circulacionbiblio@upn.mx<\/a><\/p>\n<p>[\/et_pb_text][\/et_pb_column_inner][\/et_pb_row_inner][et_pb_row_inner _builder_version=&#8221;4.24.2&#8243; _module_preset=&#8221;default&#8221; global_colors_info=&#8221;{}&#8221;][et_pb_column_inner saved_specialty_column_type=&#8221;2_3&#8243; _builder_version=&#8221;4.24.2&#8243; _module_preset=&#8221;default&#8221; global_colors_info=&#8221;{}&#8221;][et_pb_text _builder_version=&#8221;4.24.2&#8243; _module_preset=&#8221;default&#8221; header_3_font=&#8221;|300||||on|||&#8221; header_3_text_color=&#8221;#0e50de&#8221; header_3_letter_spacing=&#8221;3px&#8221; global_colors_info=&#8221;{}&#8221;]<\/p>\n<h3>Visitas guiadas<\/h3>\n<p>[\/et_pb_text][et_pb_text _builder_version=&#8221;4.24.2&#8243; _module_preset=&#8221;default&#8221; text_font=&#8221;|300|||||||&#8221; global_colors_info=&#8221;{}&#8221;]<\/p>\n<p>Dirigido a escuelas de educaci\u00f3n inicial y b\u00e1sica. Su objetivo es iniciar el h\u00e1bito de la lectura, mediante actividades l\u00fadicas. La escuela interesada deber\u00e1 reservar a este correo con un m\u00ednimo de 10 d\u00edas h\u00e1biles de anticipaci\u00f3n, indicando fecha, hora, grado escolar y n\u00famero de asistentes.<\/p>\n<p>[\/et_pb_text][et_pb_text _builder_version=&#8221;4.24.2&#8243; _module_preset=&#8221;default&#8221; text_font=&#8221;|300|||||||&#8221; global_colors_info=&#8221;{}&#8221;]<\/p>\n<p><strong>\u00bfDudas?<\/strong> Comun\u00edcate al correo <a href=\"mailto:circulacionbiblio@upn.mx\" target=\"_blank\" rel=\"noopener\">circulacionbiblio@upn.mx<\/a><\/p>\n<p>[\/et_pb_text][\/et_pb_column_inner][\/et_pb_row_inner][\/et_pb_column][et_pb_column type=&#8221;1_3&#8243; _builder_version=&#8221;4.16&#8243; custom_padding=&#8221;|||&#8221; global_colors_info=&#8221;{}&#8221; custom_padding__hover=&#8221;|||&#8221;][et_pb_image src=&#8221;http:\/\/biblioteca.ajusco.upn.mx\/wp-content\/uploads\/2024\/10\/01-SalaInfantil.png&#8221; title_text=&#8221;01-SalaInfantil&#8221; _builder_version=&#8221;4.27.5&#8243; _module_preset=&#8221;default&#8221; hover_enabled=&#8221;0&#8243; global_colors_info=&#8221;{}&#8221; sticky_enabled=&#8221;0&#8243;][\/et_pb_image][et_pb_text _builder_version=&#8221;4.24.2&#8243; _module_preset=&#8221;default&#8221; header_3_font=&#8221;|300||||on|||&#8221; header_3_text_color=&#8221;#0e50de&#8221; header_3_letter_spacing=&#8221;3px&#8221; global_colors_info=&#8221;{}&#8221;]<\/p>\n<h3>Extensi\u00f3n bibliotecaria<\/h3>\n<p>[\/et_pb_text][et_pb_text _builder_version=&#8221;4.24.2&#8243; _module_preset=&#8221;default&#8221; text_font=&#8221;|300|||||||&#8221; global_colors_info=&#8221;{}&#8221;]<\/p>\n<p>Engloba actividades e iniciativas para promocionar la lectura, ofrecer informaci\u00f3n y eliminar barreras socioculturales, econ\u00f3micas, f\u00edsicas, geogr\u00e1ficas o de cualquier tipo.<\/p>\n<p>[\/et_pb_text][et_pb_text _builder_version=&#8221;4.24.2&#8243; _module_preset=&#8221;default&#8221; text_font=&#8221;|300|||||||&#8221; global_colors_info=&#8221;{}&#8221;]<\/p>\n<p><strong>\u00bfDudas?<\/strong> Comun\u00edcate al correo <a href=\"mailto:circulacionbiblio@upn.mx\" target=\"_blank\" rel=\"noopener\">circulacionbiblio@upn.mx<\/a><\/p>\n<p>[\/et_pb_text][\/et_pb_column][\/et_pb_section][et_pb_section fb_built=&#8221;1&#8243; module_id=&#8221;infantilColecciones&#8221; _builder_version=&#8221;4.24.2&#8243; _module_preset=&#8221;default&#8221; global_colors_info=&#8221;{}&#8221;][et_pb_row _builder_version=&#8221;4.24.2&#8243; _module_preset=&#8221;default&#8221; global_colors_info=&#8221;{}&#8221;][et_pb_column type=&#8221;4_4&#8243; _builder_version=&#8221;4.24.2&#8243; _module_preset=&#8221;default&#8221; global_colors_info=&#8221;{}&#8221;][et_pb_text _builder_version=&#8221;4.24.2&#8243; _module_preset=&#8221;default&#8221; header_3_font=&#8221;|300||on|||||&#8221; header_3_text_color=&#8221;#0e50de&#8221; header_3_letter_spacing=&#8221;10px&#8221; global_colors_info=&#8221;{}&#8221;]<\/p>\n<h3>Colecciones<\/h3>\n<p>[\/et_pb_text][\/et_pb_column][\/et_pb_row][et_pb_row column_structure=&#8221;1_2,1_2&#8243; _builder_version=&#8221;4.24.2&#8243; _module_preset=&#8221;default&#8221; global_colors_info=&#8221;{}&#8221;][et_pb_column type=&#8221;1_2&#8243; _builder_version=&#8221;4.24.2&#8243; _module_preset=&#8221;default&#8221; global_colors_info=&#8221;{}&#8221;][et_pb_image src=&#8221;http:\/\/biblioteca.ajusco.upn.mx\/wp-content\/uploads\/2024\/06\/08_Infantil.png&#8221; title_text=&#8221;08_Infantil&#8221; _builder_version=&#8221;4.27.5&#8243; _module_preset=&#8221;default&#8221; hover_enabled=&#8221;0&#8243; global_colors_info=&#8221;{}&#8221; sticky_enabled=&#8221;0&#8243;][\/et_pb_image][et_pb_text _builder_version=&#8221;4.24.2&#8243; _module_preset=&#8221;default&#8221; text_font=&#8221;|300|||||||&#8221; global_colors_info=&#8221;{}&#8221;]<\/p>\n<p><strong>\u00bfDudas?<\/strong> Comun\u00edcate al correo <a href=\"mailto:circulacionbiblio@upn.mx\" target=\"_blank\" rel=\"noopener\">circulacionbiblio@upn.mx<\/a><\/p>\n<p>[\/et_pb_text][\/et_pb_column][et_pb_column type=&#8221;1_2&#8243; _builder_version=&#8221;4.24.2&#8243; _module_preset=&#8221;default&#8221; global_colors_info=&#8221;{}&#8221;][et_pb_text _builder_version=&#8221;4.24.2&#8243; _module_preset=&#8221;default&#8221; header_3_font=&#8221;|300||||on|||&#8221; header_3_text_color=&#8221;#0e50de&#8221; header_3_letter_spacing=&#8221;3px&#8221; global_colors_info=&#8221;{}&#8221;]<\/p>\n<h3>Infantil<\/h3>\n<p>[\/et_pb_text][et_pb_text _builder_version=&#8221;4.24.2&#8243; _module_preset=&#8221;default&#8221; text_font=&#8221;|300|||||||&#8221; global_colors_info=&#8221;{}&#8221;]<\/p>\n<p>Recursos de informaci\u00f3n de <strong>literatura infantil<\/strong> para la <span style=\"color: #0e50de;\"><strong>investigaci\u00f3n y pr\u00e1ctica pedag\u00f3gica de los estudiantes y docentes<\/strong><\/span>, as\u00ed como para las necesidades de informaci\u00f3n y recreaci\u00f3n de las <em>infancias de 3 a 12 a\u00f1os<\/em>. Disponible para la <em>comunidad UPN y p\u00fablico en general<\/em>. Su uso y consulta es de car\u00e1cter interno (<em>dentro de la Biblioteca<\/em>) y externo (<em>fuera de la Biblioteca<\/em>), bajo la modalidad de estanter\u00eda abierta.<\/p>\n<p>[\/et_pb_text][dipl_modal modal_id=&#8221;dipl_modal_module_9&#8243; trigger_element_type=&#8221;text&#8221; trigger_text=&#8221;\u00bfQuieres consultar un libro dentro de la Biblioteca?&#8221; modal_title=&#8221;R.&#8221; close_button_text=&#8221;Cerrar&#8221; modal_header_bg_color=&#8221;#0e50de&#8221; modal_close_icon_color=&#8221;#FFFFFF&#8221; modal_position=&#8221;bottom_right&#8221; _builder_version=&#8221;4.24.2&#8243; _module_preset=&#8221;default&#8221; modal_title_text_font=&#8221;|300|||||||&#8221; modal_title_text_text_color=&#8221;#FFFFFF&#8221; modal_body_text_font=&#8221;|300|||||||&#8221; modal_body_text_text_color=&#8221;#344a6b&#8221; modal_trigger_text_font=&#8221;|300|||||||&#8221; modal_trigger_text_text_color=&#8221;#0e50de&#8221; custom_close_button=&#8221;on&#8221; close_button_text_size=&#8221;13px&#8221; close_button_text_color=&#8221;#FFFFFF&#8221; close_button_bg_color=&#8221;#0e50de&#8221; close_button_border_radius=&#8221;5px&#8221; close_button_font=&#8221;|||on|||||&#8221; modal_width=&#8221;25%&#8221; global_colors_info=&#8221;{}&#8221;]<\/p>\n<ol>\n<li>Busca en nuestro <a href=\"https:\/\/sibi.upn.mx\" target=\"_blank\" rel=\"noopener\" style=\"color: #0062ff;\">cat\u00e1logo en l\u00ednea<\/a> los recursos que requieras e identifica su clasificaci\u00f3n.<\/li>\n<li>Con esa informaci\u00f3n, acude a la sala infantil y busca los recursos dentro de las estanter\u00edas.<\/li>\n<li>Podr\u00e1s consultar hasta cuatro recursos simult\u00e1neamente.<\/li>\n<li>Al terminar la consulta de los recursos, depos\u00edtalos en los carritos transportadores (no lo dejes en la mesa o los vuelvas a poner en los estantes).<\/li>\n<\/ol>\n<p>[\/dipl_modal][dipl_modal modal_id=&#8221;dipl_modal_module_9&#8243; trigger_element_type=&#8221;text&#8221; trigger_text=&#8221;\u00bfQuieres llevarte libros a tu casa?&#8221; modal_title=&#8221;R.&#8221; close_button_text=&#8221;Cerrar&#8221; modal_header_bg_color=&#8221;#0e50de&#8221; modal_close_icon_color=&#8221;#FFFFFF&#8221; modal_position=&#8221;bottom_right&#8221; _builder_version=&#8221;4.24.2&#8243; _module_preset=&#8221;default&#8221; modal_title_text_font=&#8221;|300|||||||&#8221; modal_title_text_text_color=&#8221;#FFFFFF&#8221; modal_body_text_font=&#8221;|300|||||||&#8221; modal_body_text_text_color=&#8221;#344a6b&#8221; modal_trigger_text_font=&#8221;|300|||||||&#8221; modal_trigger_text_text_color=&#8221;#0e50de&#8221; custom_close_button=&#8221;on&#8221; close_button_text_size=&#8221;13px&#8221; close_button_text_color=&#8221;#FFFFFF&#8221; close_button_bg_color=&#8221;#0e50de&#8221; close_button_border_radius=&#8221;5px&#8221; close_button_font=&#8221;|||on|||||&#8221; modal_width=&#8221;25%&#8221; global_colors_info=&#8221;{}&#8221;]<\/p>\n<ol>\n<li>Busca en nuestro <a href=\"https:\/\/sibi.upn.mx\" target=\"_blank\" rel=\"noopener\" style=\"color: #0062ff;\">cat\u00e1logo en l\u00ednea<\/a> los recursos que requieras e identifica su clasificaci\u00f3n.<\/li>\n<li>Con esa informaci\u00f3n, acude a la sala infantil y busca los recursos dentro de las estanter\u00edas.<\/li>\n<li>Acude al mostrador de pr\u00e9stamo y solicita el material para pr\u00e9stamo a domicilio. Presenta tu identificaci\u00f3n vigente de la universidad.<\/li>\n<\/ol>\n<p>Disponible para la comunidad <span style=\"color: #0062ff;\"><strong>UPN de Ajusco<\/strong><\/span> y <span style=\"color: #0062ff;\"><strong>unidades de la CDMX<\/strong><\/span>.<\/p>\n<p>[\/dipl_modal][\/et_pb_column][\/et_pb_row][\/et_pb_section]<\/p>\n","protected":false},"excerpt":{"rendered":"<p>Sala infantilLaboratorio pedag\u00f3gico donde la comunidad UPN realiza pr\u00e1cticas escolares con fines formativos, informativos y recreativos, principalmente de los programas educativos en Pedagog\u00eda y Psicolog\u00eda Educativa.Tal vez quieras consultar: Servicios | ColeccionesServiciosLa sala infantil ofrece sus servicios en el siguiente horario: Lunes a viernes de 08:00 a 16:00 hrs.Pr\u00e9stamo interno de recursos de informaci\u00f3nPermite utilizar [&hellip;]<\/p>\n","protected":false},"author":1,"featured_media":0,"parent":0,"menu_order":0,"comment_status":"closed","ping_status":"closed","template":"","meta":{"_et_pb_use_builder":"on","_et_pb_old_content":"","_et_gb_content_width":"","footnotes":""},"class_list":["post-3661","page","type-page","status-publish","hentry"],"_links":{"self":[{"href":"http:\/\/biblioteca.ajusco.upn.mx\/index.php\/wp-json\/wp\/v2\/pages\/3661","targetHints":{"allow":["GET"]}}],"collection":[{"href":"http:\/\/biblioteca.ajusco.upn.mx\/index.php\/wp-json\/wp\/v2\/pages"}],"about":[{"href":"http:\/\/biblioteca.ajusco.upn.mx\/index.php\/wp-json\/wp\/v2\/types\/page"}],"author":[{"embeddable":true,"href":"http:\/\/biblioteca.ajusco.upn.mx\/index.php\/wp-json\/wp\/v2\/users\/1"}],"replies":[{"embeddable":true,"href":"http:\/\/biblioteca.ajusco.upn.mx\/index.php\/wp-json\/wp\/v2\/comments?post=3661"}],"version-history":[{"count":1,"href":"http:\/\/biblioteca.ajusco.upn.mx\/index.php\/wp-json\/wp\/v2\/pages\/3661\/revisions"}],"predecessor-version":[{"id":5707,"href":"http:\/\/biblioteca.ajusco.upn.mx\/index.php\/wp-json\/wp\/v2\/pages\/3661\/revisions\/5707"}],"wp:attachment":[{"href":"http:\/\/biblioteca.ajusco.upn.mx\/index.php\/wp-json\/wp\/v2\/media?parent=3661"}],"curies":[{"name":"wp","href":"https:\/\/api.w.org\/{rel}","templated":true}]}}