{"id":360,"date":"2023-09-28T17:11:13","date_gmt":"2023-09-28T17:11:13","guid":{"rendered":"http:\/\/biblioteca.ajusco.upn.mx\/wp4-upn\/?page_id=360"},"modified":"2023-09-28T17:11:13","modified_gmt":"2023-09-28T17:11:13","slug":"blog-de-revistas","status":"publish","type":"page","link":"http:\/\/biblioteca.ajusco.upn.mx\/index.php\/blog-de-revistas\/","title":{"rendered":"Blog de Revistas"},"content":{"rendered":"\n\n[et_pb_section fb_built=&#8221;1&#8243; _builder_version=&#8221;4.22.1&#8243; _module_preset=&#8221;default&#8221; global_colors_info=&#8221;{}&#8221;][et_pb_row _builder_version=&#8221;4.22.1&#8243; _module_preset=&#8221;default&#8221; global_colors_info=&#8221;{}&#8221;][et_pb_column type=&#8221;4_4&#8243; _builder_version=&#8221;4.22.1&#8243; _module_preset=&#8221;default&#8221; global_colors_info=&#8221;{}&#8221;][et_pb_text _builder_version=&#8221;4.22.1&#8243; _module_preset=&#8221;default&#8221; header_font=&#8221;|300|||||||&#8221; header_text_color=&#8221;#344a6b&#8221; header_font_size=&#8221;84px&#8221; global_colors_info=&#8221;{}&#8221;]<h1>Revistas de acceso abierto<\/h1>[\/et_pb_text][dipl_ajax_search search_placeholder=&#8221;B\u00fascar en el BLOG&#8221; search_icon_color=&#8221;#c4ccda&#8221; _builder_version=&#8221;4.22.1&#8243; _module_preset=&#8221;default&#8221; width=&#8221;75%&#8221; border_color_all_form_field=&#8221;#c4ccda&#8221; global_colors_info=&#8221;{}&#8221;][\/dipl_ajax_search][\/et_pb_column][\/et_pb_row][et_pb_row column_structure=&#8221;1_2,1_2&#8243; _builder_version=&#8221;4.22.1&#8243; _module_preset=&#8221;default&#8221; global_colors_info=&#8221;{}&#8221;][et_pb_column type=&#8221;1_2&#8243; _builder_version=&#8221;4.22.1&#8243; _module_preset=&#8221;default&#8221; global_colors_info=&#8221;{}&#8221;][et_pb_text _builder_version=&#8221;4.22.1&#8243; _module_preset=&#8221;default&#8221; header_3_font=&#8221;|||on|||||&#8221; header_3_text_color=&#8221;#0e50de&#8221; header_3_letter_spacing=&#8221;10px&#8221; global_colors_info=&#8221;{}&#8221;]<h3>Educaci\u00f3n F\u00edsica<\/h3>[\/et_pb_text][et_pb_image src=&#8221;http:\/\/biblioteca.ajusco.upn.mx\/wp4-upn\/wp-content\/uploads\/2023\/10\/beisbolBlog.png&#8221; title_text=&#8221;beisbolBlog&#8221; _builder_version=&#8221;4.22.1&#8243; _module_preset=&#8221;default&#8221; global_colors_info=&#8221;{}&#8221;][\/et_pb_image][et_pb_blog posts_number=&#8221;1&#8243; include_categories=&#8221;4&#8243; _builder_version=&#8221;4.22.1&#8243; _module_preset=&#8221;default&#8221; header_font=&#8221;|300||on|||||&#8221; header_text_color=&#8221;#0e50de&#8221; header_letter_spacing=&#8221;10px&#8221; body_font=&#8221;|300|||||||&#8221; body_text_color=&#8221;#344a6b&#8221; meta_font=&#8221;|300|on||||||&#8221; meta_text_color=&#8221;#344a6b&#8221; pagination_font=&#8221;|300|||||||&#8221; pagination_text_color=&#8221;#0e50de&#8221; hover_enabled=&#8221;0&#8243; global_colors_info=&#8221;{}&#8221; show_author=&#8221;off&#8221; show_date=&#8221;off&#8221; sticky_enabled=&#8221;0&#8243;][\/et_pb_blog][\/et_pb_column][et_pb_column type=&#8221;1_2&#8243; _builder_version=&#8221;4.22.1&#8243; _module_preset=&#8221;default&#8221; global_colors_info=&#8221;{}&#8221;][et_pb_text _builder_version=&#8221;4.22.1&#8243; _module_preset=&#8221;default&#8221; header_3_font=&#8221;|||on|||||&#8221; header_3_text_color=&#8221;#0e50de&#8221; header_3_letter_spacing=&#8221;10px&#8221; global_colors_info=&#8221;{}&#8221;]<h3>Educaci\u00f3n de adultos<\/h3>[\/et_pb_text][et_pb_image src=&#8221;http:\/\/biblioteca.ajusco.upn.mx\/wp4-upn\/wp-content\/uploads\/2023\/10\/educacionAdultosBlog.jpg&#8221; title_text=&#8221;educacionAdultosBlog&#8221; _builder_version=&#8221;4.22.1&#8243; _module_preset=&#8221;default&#8221; global_colors_info=&#8221;{}&#8221;][\/et_pb_image][et_pb_blog posts_number=&#8221;1&#8243; include_categories=&#8221;10&#8243; _builder_version=&#8221;4.22.1&#8243; _module_preset=&#8221;default&#8221; header_font=&#8221;|300||on|||||&#8221; header_text_color=&#8221;#0e50de&#8221; header_letter_spacing=&#8221;10px&#8221; body_font=&#8221;|300|||||||&#8221; body_text_color=&#8221;#344a6b&#8221; meta_font=&#8221;|300|on||||||&#8221; meta_text_color=&#8221;#344a6b&#8221; pagination_font=&#8221;|300|||||||&#8221; pagination_text_color=&#8221;#0e50de&#8221; global_colors_info=&#8221;{}&#8221;][\/et_pb_blog][\/et_pb_column][\/et_pb_row][et_pb_row _builder_version=&#8221;4.22.1&#8243; _module_preset=&#8221;default&#8221; global_colors_info=&#8221;{}&#8221;][et_pb_column type=&#8221;4_4&#8243; _builder_version=&#8221;4.22.1&#8243; _module_preset=&#8221;default&#8221; global_colors_info=&#8221;{}&#8221;][et_pb_text _builder_version=&#8221;4.22.1&#8243; _module_preset=&#8221;default&#8221; header_3_text_color=&#8221;#0e50de&#8221; header_3_letter_spacing=&#8221;10px&#8221; global_colors_info=&#8221;{}&#8221;]<h3>DERECHOS HUMANOS<\/h3>[\/et_pb_text][\/et_pb_column][\/et_pb_row][et_pb_row column_structure=&#8221;1_4,3_4&#8243; _builder_version=&#8221;4.22.1&#8243; _module_preset=&#8221;default&#8221; global_colors_info=&#8221;{}&#8221;][et_pb_column type=&#8221;1_4&#8243; _builder_version=&#8221;4.22.1&#8243; _module_preset=&#8221;default&#8221; global_colors_info=&#8221;{}&#8221;][et_pb_image src=&#8221;http:\/\/biblioteca.ajusco.upn.mx\/wp4-upn\/wp-content\/uploads\/2023\/10\/derechosHumanosBlog.jpg&#8221; title_text=&#8221;derechosHumanosBlog&#8221; align=&#8221;center&#8221; _builder_version=&#8221;4.22.1&#8243; _module_preset=&#8221;default&#8221; custom_margin=&#8221;25px||||false|false&#8221; global_colors_info=&#8221;{}&#8221;][\/et_pb_image][\/et_pb_column][et_pb_column type=&#8221;3_4&#8243; _builder_version=&#8221;4.22.1&#8243; _module_preset=&#8221;default&#8221; global_colors_info=&#8221;{}&#8221;][et_pb_blog posts_number=&#8221;3&#8243; include_categories=&#8221;7&#8243; show_excerpt=&#8221;off&#8221; _builder_version=&#8221;4.22.1&#8243; _module_preset=&#8221;default&#8221; header_font=&#8221;|300||on|||||&#8221; header_text_color=&#8221;#0e50de&#8221; header_letter_spacing=&#8221;10px&#8221; body_font=&#8221;||||||||&#8221; meta_font=&#8221;|300|on||||||&#8221; meta_text_color=&#8221;#344a6b&#8221; pagination_font=&#8221;|300|||||||&#8221; pagination_text_color=&#8221;#0e50de&#8221; body_link_text_color=&#8221;#0e50de&#8221; text_orientation=&#8221;right&#8221; custom_margin=&#8221;||||false|false&#8221; custom_padding=&#8221;||||false|false&#8221; global_colors_info=&#8221;{}&#8221;][\/et_pb_blog][\/et_pb_column][\/et_pb_row][\/et_pb_section][et_pb_section fb_built=&#8221;1&#8243; _builder_version=&#8221;4.22.1&#8243; _module_preset=&#8221;default&#8221; background_color=&#8221;#0e50de&#8221; global_colors_info=&#8221;{}&#8221;][et_pb_row _builder_version=&#8221;4.22.1&#8243; _module_preset=&#8221;default&#8221; global_colors_info=&#8221;{}&#8221;][et_pb_column type=&#8221;4_4&#8243; _builder_version=&#8221;4.22.1&#8243; _module_preset=&#8221;default&#8221; global_colors_info=&#8221;{}&#8221;][et_pb_text _builder_version=&#8221;4.22.1&#8243; _module_preset=&#8221;default&#8221; header_font=&#8221;|||on|||||&#8221; header_3_font=&#8221;|||on|||||&#8221; header_3_text_color=&#8221;#FFFFFF&#8221; header_3_letter_spacing=&#8221;10px&#8221; global_colors_info=&#8221;{}&#8221;]<h3>Administraci\u00f3n<\/h3>[\/et_pb_text][et_pb_blog fullwidth=&#8221;off&#8221; posts_number=&#8221;9&#8243; include_categories=&#8221;8&#8243; show_excerpt=&#8221;off&#8221; _builder_version=&#8221;4.22.1&#8243; _module_preset=&#8221;default&#8221; header_font=&#8221;|300||on|||||&#8221; header_text_color=&#8221;#FFFFFF&#8221; header_letter_spacing=&#8221;7px&#8221; meta_font=&#8221;|300|on||||||&#8221; meta_text_color=&#8221;#FFFFFF&#8221; background_color=&#8221;#0e50de&#8221; text_orientation=&#8221;left&#8221; global_colors_info=&#8221;{}&#8221;][\/et_pb_blog][et_pb_button button_url=&#8221;@ET-DC@eyJkeW5hbWljIjp0cnVlLCJjb250ZW50IjoicG9zdF9saW5rX3VybF9wYWdlIiwic2V0dGluZ3MiOnsicG9zdF9pZCI6Ijc5MCJ9fQ==@&#8221; button_text=&#8221;Ver solo la categor\u00eda&#8221; _builder_version=&#8221;4.22.1&#8243; _dynamic_attributes=&#8221;button_url&#8221; _module_preset=&#8221;default&#8221; custom_button=&#8221;on&#8221; button_text_size=&#8221;13px&#8221; button_text_color=&#8221;#FFFFFF&#8221; button_bg_color=&#8221;#062244&#8243; button_border_color=&#8221;#062244&#8243; button_font=&#8221;|||on|||||&#8221; global_colors_info=&#8221;{}&#8221;][\/et_pb_button][\/et_pb_column][\/et_pb_row][\/et_pb_section][et_pb_section fb_built=&#8221;1&#8243; _builder_version=&#8221;4.22.1&#8243; _module_preset=&#8221;default&#8221; global_colors_info=&#8221;{}&#8221;][et_pb_row _builder_version=&#8221;4.22.1&#8243; _module_preset=&#8221;default&#8221; global_colors_info=&#8221;{}&#8221;][et_pb_column type=&#8221;4_4&#8243; _builder_version=&#8221;4.22.1&#8243; _module_preset=&#8221;default&#8221; global_colors_info=&#8221;{}&#8221;][et_pb_text _builder_version=&#8221;4.22.1&#8243; _module_preset=&#8221;default&#8221; header_3_font=&#8221;|||on|||||&#8221; header_3_text_color=&#8221;#0e50de&#8221; header_3_letter_spacing=&#8221;10px&#8221; global_colors_info=&#8221;{}&#8221;]<h3>Educaci\u00f3n a distancia<\/h3>[\/et_pb_text][\/et_pb_column][\/et_pb_row][et_pb_row column_structure=&#8221;3_4,1_4&#8243; _builder_version=&#8221;4.22.1&#8243; _module_preset=&#8221;default&#8221; global_colors_info=&#8221;{}&#8221;][et_pb_column type=&#8221;3_4&#8243; _builder_version=&#8221;4.22.1&#8243; _module_preset=&#8221;default&#8221; global_colors_info=&#8221;{}&#8221;][et_pb_blog include_categories=&#8221;9&#8243; show_excerpt=&#8221;off&#8221; _builder_version=&#8221;4.22.1&#8243; _module_preset=&#8221;default&#8221; header_font=&#8221;|300||on|||||&#8221; header_text_color=&#8221;#0e50de&#8221; header_letter_spacing=&#8221;10px&#8221; meta_font=&#8221;|300|||||||&#8221; meta_text_color=&#8221;#344a6b&#8221; global_colors_info=&#8221;{}&#8221;][\/et_pb_blog][\/et_pb_column][et_pb_column type=&#8221;1_4&#8243; _builder_version=&#8221;4.22.1&#8243; _module_preset=&#8221;default&#8221; global_colors_info=&#8221;{}&#8221;][et_pb_image src=&#8221;http:\/\/biblioteca.ajusco.upn.mx\/wp4-upn\/wp-content\/uploads\/2023\/10\/educacionDistanciaBlog.jpg&#8221; title_text=&#8221;educacionDistanciaBlog&#8221; _builder_version=&#8221;4.22.1&#8243; _module_preset=&#8221;default&#8221; custom_margin=&#8221;21px||||false|false&#8221; global_colors_info=&#8221;{}&#8221;][\/et_pb_image][\/et_pb_column][\/et_pb_row][et_pb_row _builder_version=&#8221;4.22.1&#8243; _module_preset=&#8221;default&#8221; column_structure=&#8221;1_3,1_3,1_3&#8243;][et_pb_column _builder_version=&#8221;4.22.1&#8243; _module_preset=&#8221;default&#8221; type=&#8221;1_3&#8243;][et_pb_text _builder_version=&#8221;4.22.1&#8243; _module_preset=&#8221;default&#8221; header_3_font=&#8221;|||on|||||&#8221; header_3_text_color=&#8221;#0e50de&#8221; header_3_letter_spacing=&#8221;10px&#8221; hover_enabled=&#8221;0&#8243; global_colors_info=&#8221;{}&#8221; sticky_enabled=&#8221;0&#8243;]<h3>Educaci\u00f3n Superior<\/h3>[\/et_pb_text][et_pb_image src=&#8221;http:\/\/biblioteca.ajusco.upn.mx\/wp4-upn\/wp-content\/uploads\/2023\/11\/educacionsuperior.jpg&#8221; _builder_version=&#8221;4.22.1&#8243; _module_preset=&#8221;default&#8221; title_text=&#8221;educacionsuperior&#8221; hover_enabled=&#8221;0&#8243; sticky_enabled=&#8221;0&#8243;][\/et_pb_image][et_pb_blog posts_number=&#8221;2&#8243; include_categories=&#8221;11&#8243; _builder_version=&#8221;4.22.1&#8243; _module_preset=&#8221;default&#8221; header_font=&#8221;|300||on|||||&#8221; header_text_color=&#8221;#0e50de&#8221; header_letter_spacing=&#8221;10px&#8221; meta_font=&#8221;|300|||||||&#8221; meta_text_color=&#8221;#344a6b&#8221; hover_enabled=&#8221;0&#8243; global_colors_info=&#8221;{}&#8221; show_author=&#8221;off&#8221; show_date=&#8221;off&#8221; sticky_enabled=&#8221;0&#8243; body_font=&#8221;|300|||||||&#8221; body_text_align=&#8221;justify&#8221; body_text_color=&#8221;#344a6b&#8221; pagination_font=&#8221;|300|||||||&#8221; pagination_text_color=&#8221;#0e50de&#8221;][\/et_pb_blog][\/et_pb_column][et_pb_column _builder_version=&#8221;4.22.1&#8243; _module_preset=&#8221;default&#8221; type=&#8221;1_3&#8243;][et_pb_text _builder_version=&#8221;4.22.1&#8243; _module_preset=&#8221;default&#8221; header_3_font=&#8221;|||on|||||&#8221; header_3_text_color=&#8221;#0e50de&#8221; header_3_letter_spacing=&#8221;10px&#8221; hover_enabled=&#8221;0&#8243; global_colors_info=&#8221;{}&#8221; sticky_enabled=&#8221;0&#8243;]<h3>Estudios de G\u00e9nero<\/h3>[\/et_pb_text][et_pb_image src=&#8221;http:\/\/biblioteca.ajusco.upn.mx\/wp4-upn\/wp-content\/uploads\/2023\/11\/estudiosdeGenero.jpg&#8221; _builder_version=&#8221;4.22.1&#8243; _module_preset=&#8221;default&#8221; title_text=&#8221;estudiosdeGenero&#8221; hover_enabled=&#8221;0&#8243; sticky_enabled=&#8221;0&#8243;][\/et_pb_image][et_pb_blog posts_number=&#8221;2&#8243; include_categories=&#8221;12&#8243; _builder_version=&#8221;4.22.1&#8243; _module_preset=&#8221;default&#8221; header_font=&#8221;|300||on|||||&#8221; header_text_color=&#8221;#0e50de&#8221; header_letter_spacing=&#8221;10px&#8221; meta_font=&#8221;|300|||||||&#8221; meta_text_color=&#8221;#344a6b&#8221; hover_enabled=&#8221;0&#8243; global_colors_info=&#8221;{}&#8221; show_author=&#8221;off&#8221; show_date=&#8221;off&#8221; sticky_enabled=&#8221;0&#8243; body_font=&#8221;|300|||||||&#8221; body_text_align=&#8221;justify&#8221; body_text_color=&#8221;#344a6b&#8221; pagination_font=&#8221;|300|||||||&#8221; pagination_text_color=&#8221;#0e50de&#8221;][\/et_pb_blog][\/et_pb_column][et_pb_column _builder_version=&#8221;4.22.1&#8243; _module_preset=&#8221;default&#8221; type=&#8221;1_3&#8243;][et_pb_text _builder_version=&#8221;4.22.1&#8243; _module_preset=&#8221;default&#8221; header_3_font=&#8221;|||on|||||&#8221; header_3_text_color=&#8221;#0e50de&#8221; header_3_letter_spacing=&#8221;10px&#8221; hover_enabled=&#8221;0&#8243; global_colors_info=&#8221;{}&#8221; sticky_enabled=&#8221;0&#8243;]<h3>Filosof\u00eda e Historia<\/h3>[\/et_pb_text][et_pb_image src=&#8221;http:\/\/biblioteca.ajusco.upn.mx\/wp4-upn\/wp-content\/uploads\/2023\/11\/historiayfilosofia.jpg&#8221; _builder_version=&#8221;4.22.1&#8243; _module_preset=&#8221;default&#8221; title_text=&#8221;historiayfilosofia&#8221; hover_enabled=&#8221;0&#8243; sticky_enabled=&#8221;0&#8243;][\/et_pb_image][et_pb_blog posts_number=&#8221;2&#8243; include_categories=&#8221;13&#8243; _builder_version=&#8221;4.22.1&#8243; _module_preset=&#8221;default&#8221; header_font=&#8221;|300||on|||||&#8221; header_text_color=&#8221;#0e50de&#8221; header_letter_spacing=&#8221;10px&#8221; meta_font=&#8221;|300|||||||&#8221; meta_text_color=&#8221;#344a6b&#8221; hover_enabled=&#8221;0&#8243; global_colors_info=&#8221;{}&#8221; show_author=&#8221;off&#8221; show_date=&#8221;off&#8221; sticky_enabled=&#8221;0&#8243; body_font=&#8221;|300|||||||&#8221; body_text_align=&#8221;justify&#8221; body_text_color=&#8221;#344a6b&#8221; pagination_font=&#8221;|300|||||||&#8221; pagination_text_color=&#8221;#0e50de&#8221;][\/et_pb_blog][\/et_pb_column][\/et_pb_row][\/et_pb_section]\n\n","protected":false},"excerpt":{"rendered":"<p>Revistas de acceso abierto<div class=\"et_pb_with_border et_pb_module dipl_ajax_search dipl_ajax_search_0\">\n\t\t\t\t\n\t\t\t\t\n\t\t\t\t\n\t\t\t\t\n\t\t\t\t\n\t\t\t\t\n\t\t\t\t<div class=\"et_pb_module_inner\">\n\t\t\t\t\t<div class=\"dipl_ajax_search_wrap\">\n\t\t\t\t<div class=\"dipl_ajax_search_field_wrap dipl_ajax_search_icon\">\n\t\t\t\t\t<input type=\"search\" placeholder=\"B\u00fascar en el BLOG\" class=\"dipl_ajax_search_field\" data-search-in=\"post_title,post_content,post_excerpt\" data-search-post-type=\"post\" data-display-fields=\"title,excerpt,featured_image\" data-url-new-window=\"off\" data-number-of-results=\"10\" data-no-result-text=\"No results found\" data-orderby=\"post_date\" data-order=\"DESC\" data-use-masonry=\"off\" \/>\n\t\t\t\t\t<input type=\"hidden\" class=\"dipl_ajax_search_nonce\" value=\"1e94a9b765\" \/>\n\t\t\t\t<\/div>\n\t\t\t\t<div class=\"dipl_ajax_search_results_wrap dipl_ajax_search_result_1_cols \"><\/div>\n\t\t\t<\/div>\n\t\t\t\t<\/div>\n\t\t\t<\/div>Educaci\u00f3n F\u00edsicaEducaci\u00f3n de adultosDERECHOS HUMANOSAdministraci\u00f3nEducaci\u00f3n a distanciaEducaci\u00f3n SuperiorEstudios de G\u00e9neroFilosof\u00eda e Historia<\/p>\n","protected":false},"author":1,"featured_media":0,"parent":0,"menu_order":0,"comment_status":"closed","ping_status":"closed","template":"","meta":{"_et_pb_use_builder":"on","_et_pb_old_content":"","_et_gb_content_width":"","footnotes":""},"class_list":["post-360","page","type-page","status-publish","hentry"],"_links":{"self":[{"href":"http:\/\/biblioteca.ajusco.upn.mx\/index.php\/wp-json\/wp\/v2\/pages\/360","targetHints":{"allow":["GET"]}}],"collection":[{"href":"http:\/\/biblioteca.ajusco.upn.mx\/index.php\/wp-json\/wp\/v2\/pages"}],"about":[{"href":"http:\/\/biblioteca.ajusco.upn.mx\/index.php\/wp-json\/wp\/v2\/types\/page"}],"author":[{"embeddable":true,"href":"http:\/\/biblioteca.ajusco.upn.mx\/index.php\/wp-json\/wp\/v2\/users\/1"}],"replies":[{"embeddable":true,"href":"http:\/\/biblioteca.ajusco.upn.mx\/index.php\/wp-json\/wp\/v2\/comments?post=360"}],"version-history":[{"count":0,"href":"http:\/\/biblioteca.ajusco.upn.mx\/index.php\/wp-json\/wp\/v2\/pages\/360\/revisions"}],"wp:attachment":[{"href":"http:\/\/biblioteca.ajusco.upn.mx\/index.php\/wp-json\/wp\/v2\/media?parent=360"}],"curies":[{"name":"wp","href":"https:\/\/api.w.org\/{rel}","templated":true}]}}