{"id":1945,"date":"2023-11-22T20:32:22","date_gmt":"2023-11-22T20:32:22","guid":{"rendered":"http:\/\/biblioteca.ajusco.upn.mx\/wp4-upn\/?page_id=1945"},"modified":"2023-11-22T20:32:22","modified_gmt":"2023-11-22T20:32:22","slug":"guias-y-tutoriales","status":"publish","type":"page","link":"http:\/\/biblioteca.ajusco.upn.mx\/index.php\/guias-y-tutoriales\/","title":{"rendered":"Gu\u00edas y Tutoriales"},"content":{"rendered":"<p>[et_pb_section fb_built=&#8221;1&#8243; _builder_version=&#8221;4.22.1&#8243; _module_preset=&#8221;default&#8221; global_colors_info=&#8221;{}&#8221;][et_pb_row column_structure=&#8221;3_5,2_5&#8243; _builder_version=&#8221;4.22.1&#8243; _module_preset=&#8221;default&#8221; global_colors_info=&#8221;{}&#8221;][et_pb_column type=&#8221;3_5&#8243; _builder_version=&#8221;4.22.1&#8243; _module_preset=&#8221;default&#8221; global_colors_info=&#8221;{}&#8221;][et_pb_text _builder_version=&#8221;4.22.1&#8243; _module_preset=&#8221;default&#8221; header_font=&#8221;|300|||||||&#8221; header_text_color=&#8221;#344a6b&#8221; header_font_size=&#8221;84px&#8221; global_colors_info=&#8221;{}&#8221;]<\/p>\n<h1>Gu\u00edas y tutoriales<\/h1>\n<p>[\/et_pb_text][et_pb_text _builder_version=&#8221;4.22.1&#8243; _module_preset=&#8221;default&#8221; text_font=&#8221;|300|||||||&#8221; text_text_color=&#8221;#344a6b&#8221; global_colors_info=&#8221;{}&#8221;]<\/p>\n<p>Ponemos a tu disposici\u00f3n una serie de gu\u00edas y tutoriales, para que aprendas a usar los recursos y servicios de nuestra biblioteca.<\/p>\n<p>Tal vez quieras consultar:<\/p>\n<p><a href=\"#GTG\">Gu\u00edas<\/a> | <a href=\"#GTT\">Tutoriales<\/a><\/p>\n<p>[\/et_pb_text][\/et_pb_column][et_pb_column type=&#8221;2_5&#8243; _builder_version=&#8221;4.22.1&#8243; _module_preset=&#8221;default&#8221; global_colors_info=&#8221;{}&#8221;][et_pb_image src=&#8221;http:\/\/biblioteca.ajusco.upn.mx\/wp4-upn\/wp-content\/uploads\/2023\/11\/libros-coloridos-espacio-copia-00.jpg&#8221; title_text=&#8221;libros-coloridos-espacio-copia-00&#8243; _builder_version=&#8221;4.23.1&#8243; _module_preset=&#8221;default&#8221; hover_enabled=&#8221;0&#8243; global_colors_info=&#8221;{}&#8221; sticky_enabled=&#8221;0&#8243;][\/et_pb_image][\/et_pb_column][\/et_pb_row][\/et_pb_section][et_pb_section fb_built=&#8221;1&#8243; module_id=&#8221;GTG&#8221; _builder_version=&#8221;4.22.1&#8243; _module_preset=&#8221;default&#8221; background_color=&#8221;#f7f7f7&#8243; global_colors_info=&#8221;{}&#8221;][et_pb_row _builder_version=&#8221;4.22.1&#8243; _module_preset=&#8221;default&#8221; global_colors_info=&#8221;{}&#8221;][et_pb_column type=&#8221;4_4&#8243; _builder_version=&#8221;4.22.1&#8243; _module_preset=&#8221;default&#8221; global_colors_info=&#8221;{}&#8221;][et_pb_text _builder_version=&#8221;4.22.1&#8243; _module_preset=&#8221;default&#8221; header_font=&#8221;|||on|||||&#8221; header_text_color=&#8221;#0e50de&#8221; header_letter_spacing=&#8221;10px&#8221; global_colors_info=&#8221;{}&#8221;]<\/p>\n<h1>Gu\u00edas<\/h1>\n<p>[\/et_pb_text][\/et_pb_column][\/et_pb_row][et_pb_row _builder_version=&#8221;4.22.1&#8243; _module_preset=&#8221;default&#8221; global_colors_info=&#8221;{}&#8221;][et_pb_column type=&#8221;4_4&#8243; _builder_version=&#8221;4.22.1&#8243; _module_preset=&#8221;default&#8221; global_colors_info=&#8221;{}&#8221;][dipl_faq_page_schema schema_layout=&#8221;dipl_faq_grid&#8221; _builder_version=&#8221;4.22.1&#8243; _module_preset=&#8221;default&#8221; faq_heading_font=&#8221;||||||||&#8221; faq_question_closed_font=&#8221;|300||on|||||&#8221; faq_question_closed_text_color=&#8221;#062244&#8243; faq_answer_text_font=&#8221;|300|||||||&#8221; faq_answer_text_text_color=&#8221;#344a6b&#8221; global_colors_info=&#8221;{}&#8221;][dipl_faq_page_schema_item faq_question=&#8221;Solicita tu constancia de no adeudo&#8221; _builder_version=&#8221;4.22.1&#8243; _module_preset=&#8221;default&#8221; global_colors_info=&#8221;{}&#8221;]<\/p>\n<p>Desde tu correo electr\u00f3nico institucional (preferentemente) escr\u00edbenos a circulacionbiblio@upn.mx. (El mensaje debe contener: Nombre completo, matr\u00edcula, programa educativo que estudias y la unidad UPN a la que perteneces). De 24 a 48 horas haremos llegar tu constancia a trav\u00e9s de tu correo electr\u00f3nico institucional.<\/p>\n<p>[\/dipl_faq_page_schema_item][dipl_faq_page_schema_item faq_question=&#8221;Entrega tu trabajo recepcional y solicita tu constancia&#8221; _builder_version=&#8221;4.22.1&#8243; _module_preset=&#8221;default&#8221; global_colors_info=&#8221;{}&#8221;]<\/p>\n<ol>\n<li>Desde tu correo electr\u00f3nico institucional (preferentemente) escr\u00edbenos a tesiupn@upn.mx. (El mensaje debe contener: tu nombre completo, matr\u00edcula, programa educativo que estudias y la unidad UPN a la que perteneces). Tambi\u00e9n adjunta tu trabajo de titulaci\u00f3n completo en formato PDF y Word (sin candados). Si tienes im\u00e1genes o videos que no vengan en el documento tendr\u00e1s que anexarlos.<\/li>\n<li>En respuesta a tu correo, acusaremos la recepci\u00f3n de los archivos, te asignaremos un folio de atenci\u00f3n, te haremos llegar la liga a un formulario en l\u00ednea y enviaremos en archivo adjunto una autorizaci\u00f3n para publicar tu trabajo en el repositorio institucional de la UPN.<\/li>\n<li>Una vez que llenes el formulario en l\u00ednea y nos env\u00edes la autorizaci\u00f3n, revisaremos que la informaci\u00f3n sea la correcta y emitiremos tu constancia, la cual te haremos llegar a trav\u00e9s del correo electr\u00f3nico que nos proporcionaste.<\/li>\n<\/ol>\n<p>[\/dipl_faq_page_schema_item][dipl_faq_page_schema_item faq_question=&#8221;Solicitud de servicio de referencia&#8221; _builder_version=&#8221;4.22.1&#8243; _module_preset=&#8221;default&#8221; global_colors_info=&#8221;{}&#8221;]<\/p>\n<p><img loading=\"lazy\" decoding=\"async\" src=\"http:\/\/biblioteca.ajusco.upn.mx\/wp4-upn\/wp-content\/uploads\/2023\/11\/iconoPDF2.png\" width=\"51\" height=\"50\" alt=\"\" class=\"wp-image-1965 alignnone size-full\" srcset=\"http:\/\/biblioteca.ajusco.upn.mx\/wp-content\/uploads\/2023\/11\/iconoPDF2.png 208w, http:\/\/biblioteca.ajusco.upn.mx\/wp-content\/uploads\/2023\/11\/iconoPDF2-150x150.png 150w\" sizes=\"(max-width: 51px) 100vw, 51px\" \/>\u00a0\u00a0\u00a0 <a href=\"http:\/\/biblioteca.ajusco.upn.mx\/wp4-upn\/wp-content\/uploads\/2023\/11\/referencia.pdf\" target=\"_blank\" rel=\"noopener\">Descarga la gu\u00eda aqu\u00ed.<\/a><\/p>\n<p>[\/dipl_faq_page_schema_item][dipl_faq_page_schema_item faq_question=&#8221;Solicitud de correo electr\u00f3nico institucional&#8221; _builder_version=&#8221;4.22.1&#8243; _module_preset=&#8221;default&#8221; global_colors_info=&#8221;{}&#8221;]<\/p>\n<p>Si eres alumno inscrito en alg\u00fan programa educativo o personal docente en alguna Unidad de la Universidad Pedag\u00f3gica Nacional y no cuentas con correo electr\u00f3nico institucional, solic\u00edtalo al email redes@upn.mx.<\/p>\n<p>La Subdirecci\u00f3n de Inform\u00e1tica de la Unidad Ajusco te brindar\u00e1 los requisitos para poder atender tu solicitud.<\/p>\n<p>[\/dipl_faq_page_schema_item][dipl_faq_page_schema_item faq_question=&#8221;\u00bfTe gustar\u00eda hacer tu servicio social en la biblioteca?&#8221; _builder_version=&#8221;4.22.1&#8243; _module_preset=&#8221;default&#8221; global_colors_info=&#8221;{}&#8221;]<\/p>\n<p>Ac\u00e9rcate con Brenda Ruiz Castro, Jefa del Departamento de Circulaci\u00f3n o escr\u00edbenos al correo circulacionbiblio@upn.mx y conoce nuestras diversas \u00e1reas y los m\u00faltiples beneficios que tenemos para ti.<\/p>\n<p>[\/dipl_faq_page_schema_item][\/dipl_faq_page_schema][\/et_pb_column][\/et_pb_row][\/et_pb_section][et_pb_section fb_built=&#8221;1&#8243; module_id=&#8221;GTT&#8221; _builder_version=&#8221;4.22.1&#8243; _module_preset=&#8221;default&#8221; background_color=&#8221;#ffffff&#8221; global_colors_info=&#8221;{}&#8221;][et_pb_row _builder_version=&#8221;4.22.1&#8243; _module_preset=&#8221;default&#8221; global_colors_info=&#8221;{}&#8221;][et_pb_column type=&#8221;4_4&#8243; _builder_version=&#8221;4.22.1&#8243; _module_preset=&#8221;default&#8221; global_colors_info=&#8221;{}&#8221;][et_pb_text _builder_version=&#8221;4.22.1&#8243; _module_preset=&#8221;default&#8221; header_font=&#8221;|||on|||||&#8221; header_text_color=&#8221;#0062ff&#8221; global_colors_info=&#8221;{}&#8221;]<\/p>\n<h1>Tutoriales<\/h1>\n<p>[\/et_pb_text][\/et_pb_column][\/et_pb_row][et_pb_row _builder_version=&#8221;4.22.1&#8243; _module_preset=&#8221;default&#8221; global_colors_info=&#8221;{}&#8221;][et_pb_column type=&#8221;4_4&#8243; _builder_version=&#8221;4.22.1&#8243; _module_preset=&#8221;default&#8221; global_colors_info=&#8221;{}&#8221;][et_pb_video_slider _builder_version=&#8221;4.22.1&#8243; _module_preset=&#8221;default&#8221; global_colors_info=&#8221;{}&#8221;][et_pb_video_slider_item src=&#8221;http:\/\/biblioteca.ajusco.upn.mx\/wp4-upn\/wp-content\/uploads\/2023\/11\/videoGT-1.mp4&#8243; image_src=&#8221;http:\/\/biblioteca.ajusco.upn.mx\/wp4-upn\/wp-content\/uploads\/2023\/11\/videoGT-1.png&#8221; _builder_version=&#8221;4.22.1&#8243; _module_preset=&#8221;default&#8221; global_colors_info=&#8221;{}&#8221; show_image_overlay=&#8221;off&#8221;][\/et_pb_video_slider_item][et_pb_video_slider_item src=&#8221;http:\/\/biblioteca.ajusco.upn.mx\/wp4-upn\/wp-content\/uploads\/2023\/11\/videoGT-2.mp4&#8243; image_src=&#8221;http:\/\/biblioteca.ajusco.upn.mx\/wp4-upn\/wp-content\/uploads\/2023\/11\/videoGT-2.png&#8221; _builder_version=&#8221;4.22.1&#8243; _module_preset=&#8221;default&#8221; global_colors_info=&#8221;{}&#8221; show_image_overlay=&#8221;off&#8221;][\/et_pb_video_slider_item][et_pb_video_slider_item src=&#8221;http:\/\/biblioteca.ajusco.upn.mx\/wp4-upn\/wp-content\/uploads\/2023\/09\/SalaGeneral.m4v&#8221; image_src=&#8221;http:\/\/biblioteca.ajusco.upn.mx\/wp4-upn\/wp-content\/uploads\/2023\/11\/videoGT-3.png&#8221; _builder_version=&#8221;4.22.1&#8243; _module_preset=&#8221;default&#8221; global_colors_info=&#8221;{}&#8221; show_image_overlay=&#8221;off&#8221;][\/et_pb_video_slider_item][et_pb_video_slider_item src=&#8221;http:\/\/biblioteca.ajusco.upn.mx\/wp4-upn\/wp-content\/uploads\/2023\/11\/videoGT-1.mp4&#8243; image_src=&#8221;http:\/\/biblioteca.ajusco.upn.mx\/wp4-upn\/wp-content\/uploads\/2023\/11\/videoGT-4.png&#8221; _builder_version=&#8221;4.22.1&#8243; _module_preset=&#8221;default&#8221; global_colors_info=&#8221;{}&#8221; show_image_overlay=&#8221;off&#8221;][\/et_pb_video_slider_item][et_pb_video_slider_item src=&#8221;http:\/\/biblioteca.ajusco.upn.mx\/wp4-upn\/wp-content\/uploads\/2023\/11\/videoGT-2.mp4&#8243; image_src=&#8221;http:\/\/biblioteca.ajusco.upn.mx\/wp4-upn\/wp-content\/uploads\/2023\/11\/videoGT-5.png&#8221; _builder_version=&#8221;4.22.1&#8243; _module_preset=&#8221;default&#8221; global_colors_info=&#8221;{}&#8221; show_image_overlay=&#8221;off&#8221;][\/et_pb_video_slider_item][\/et_pb_video_slider][\/et_pb_column][\/et_pb_row][\/et_pb_section][et_pb_section fb_built=&#8221;1&#8243; _builder_version=&#8221;4.22.1&#8243; _module_preset=&#8221;default&#8221; background_color=&#8221;#f7f7f7&#8243; global_colors_info=&#8221;{}&#8221;][et_pb_row _builder_version=&#8221;4.22.1&#8243; _module_preset=&#8221;default&#8221; global_colors_info=&#8221;{}&#8221;][et_pb_column type=&#8221;4_4&#8243; _builder_version=&#8221;4.22.1&#8243; _module_preset=&#8221;default&#8221; global_colors_info=&#8221;{}&#8221;][et_pb_text _builder_version=&#8221;4.22.1&#8243; _module_preset=&#8221;default&#8221; header_font=&#8221;|||on|||||&#8221; header_text_color=&#8221;#0e50de&#8221; header_letter_spacing=&#8221;10px&#8221; global_colors_info=&#8221;{}&#8221;]<\/p>\n<h1>+ Tutoriales<\/h1>\n<p>[\/et_pb_text][\/et_pb_column][\/et_pb_row][et_pb_row column_structure=&#8221;1_4,1_4,1_4,1_4&#8243; _builder_version=&#8221;4.22.1&#8243; _module_preset=&#8221;default&#8221; global_colors_info=&#8221;{}&#8221;][et_pb_column type=&#8221;1_4&#8243; _builder_version=&#8221;4.22.1&#8243; _module_preset=&#8221;default&#8221; global_colors_info=&#8221;{}&#8221;][\/et_pb_column][et_pb_column type=&#8221;1_4&#8243; _builder_version=&#8221;4.22.1&#8243; _module_preset=&#8221;default&#8221; global_colors_info=&#8221;{}&#8221;][et_pb_blurb use_icon=&#8221;on&#8221; font_icon=&#8221;&#xe0a3;||divi||400&#8243; icon_color=&#8221;#ff0000&#8243; _builder_version=&#8221;4.22.1&#8243; _module_preset=&#8221;default&#8221; global_colors_info=&#8221;{}&#8221;][\/et_pb_blurb][\/et_pb_column][et_pb_column type=&#8221;1_4&#8243; _builder_version=&#8221;4.22.1&#8243; _module_preset=&#8221;default&#8221; global_colors_info=&#8221;{}&#8221;][dipl_button buttons_alignment=&#8221;center&#8221; _builder_version=&#8221;4.22.1&#8243; _module_preset=&#8221;default&#8221; global_colors_info=&#8221;{}&#8221;][dipl_button_item button_type=&#8221;conversion&#8221; button_text=&#8221;En YouTube&#8221; secondary_text=&#8221;+ Tutoriales&#8221; button_url=&#8221;https:\/\/www.youtube.com\/c\/BibliotecaGregorioTorresQuintero\/videos&#8221; url_new_window=&#8221;on&#8221; button_bg_color=&#8221;#0e50de&#8221; button_alignment=&#8221;center&#8221; button_use_icon=&#8221;on&#8221; button_icon=&#8221;&#xe0a3;||divi||400&#8243; button_icon_color=&#8221;#FFFFFF&#8221; button_icon_placement=&#8221;left&#8221; _builder_version=&#8221;4.22.1&#8243; _module_preset=&#8221;default&#8221; button_font=&#8221;|300|||||||&#8221; button_text_color=&#8221;#FFFFFF&#8221; button_font_size=&#8221;25px&#8221; secondary_text_text_color=&#8221;#f7f7f7&#8243; text_orientation=&#8221;left&#8221; border_color_all=&#8221;RGBA(255,255,255,0)&#8221; global_colors_info=&#8221;{}&#8221;][\/dipl_button_item][\/dipl_button][\/et_pb_column][et_pb_column type=&#8221;1_4&#8243; _builder_version=&#8221;4.22.1&#8243; _module_preset=&#8221;default&#8221; global_colors_info=&#8221;{}&#8221;][\/et_pb_column][\/et_pb_row][et_pb_row column_structure=&#8221;1_4,1_4,1_4,1_4&#8243; _builder_version=&#8221;4.22.1&#8243; _module_preset=&#8221;default&#8221; global_colors_info=&#8221;{}&#8221;][et_pb_column type=&#8221;1_4&#8243; _builder_version=&#8221;4.22.1&#8243; _module_preset=&#8221;default&#8221; global_colors_info=&#8221;{}&#8221;][\/et_pb_column][et_pb_column type=&#8221;1_4&#8243; _builder_version=&#8221;4.22.1&#8243; _module_preset=&#8221;default&#8221; global_colors_info=&#8221;{}&#8221;][et_pb_blurb use_icon=&#8221;on&#8221; font_icon=&#8221;&#xf082;||fa||400&#8243; icon_color=&#8221;#4267b2&#8243; _builder_version=&#8221;4.22.1&#8243; _module_preset=&#8221;default&#8221; global_colors_info=&#8221;{}&#8221;][\/et_pb_blurb][\/et_pb_column][et_pb_column type=&#8221;1_4&#8243; _builder_version=&#8221;4.22.1&#8243; _module_preset=&#8221;default&#8221; global_colors_info=&#8221;{}&#8221;][dipl_button buttons_alignment=&#8221;center&#8221; _builder_version=&#8221;4.22.1&#8243; _module_preset=&#8221;default&#8221; global_colors_info=&#8221;{}&#8221;][dipl_button_item button_type=&#8221;conversion&#8221; button_text=&#8221;En Facebook&#8221; secondary_text=&#8221;+ Tutoriales&#8221; button_url=&#8221;https:\/\/www.facebook.com\/bibliogtq\/videos\/?ref=page_internal&#8221; url_new_window=&#8221;on&#8221; button_bg_color=&#8221;#0e50de&#8221; button_alignment=&#8221;center&#8221; button_use_icon=&#8221;on&#8221; button_icon=&#8221;&#xf09a;||fa||400&#8243; button_icon_color=&#8221;#FFFFFF&#8221; button_icon_placement=&#8221;left&#8221; _builder_version=&#8221;4.22.1&#8243; _module_preset=&#8221;default&#8221; button_font=&#8221;|300|||||||&#8221; button_text_color=&#8221;#FFFFFF&#8221; button_font_size=&#8221;25px&#8221; secondary_text_text_color=&#8221;#f7f7f7&#8243; text_orientation=&#8221;left&#8221; border_color_all=&#8221;RGBA(255,255,255,0)&#8221; global_colors_info=&#8221;{}&#8221;][\/dipl_button_item][\/dipl_button][\/et_pb_column][et_pb_column type=&#8221;1_4&#8243; _builder_version=&#8221;4.22.1&#8243; _module_preset=&#8221;default&#8221; global_colors_info=&#8221;{}&#8221;][\/et_pb_column][\/et_pb_row][\/et_pb_section][et_pb_section fb_built=&#8221;1&#8243; _builder_version=&#8221;4.22.1&#8243; _module_preset=&#8221;default&#8221; global_colors_info=&#8221;{}&#8221;][et_pb_row _builder_version=&#8221;4.22.1&#8243; _module_preset=&#8221;default&#8221; global_colors_info=&#8221;{}&#8221;][et_pb_column type=&#8221;4_4&#8243; _builder_version=&#8221;4.22.1&#8243; _module_preset=&#8221;default&#8221; global_colors_info=&#8221;{}&#8221;][et_pb_text _builder_version=&#8221;4.22.1&#8243; _module_preset=&#8221;default&#8221; header_3_font=&#8221;|||on|||||&#8221; header_3_text_align=&#8221;center&#8221; header_3_text_color=&#8221;#0e50de&#8221; header_3_letter_spacing=&#8221;10px&#8221; global_colors_info=&#8221;{}&#8221;]<\/p>\n<h3>Busca en el cat\u00e1logo de la Biblioteca<\/h3>\n<p>[\/et_pb_text][dipl_ajax_search search_placeholder=&#8221;Busca por t\u00edtulo, autor o tema&#8221; search_icon_color=&#8221;#c4ccda&#8221; _builder_version=&#8221;4.22.1&#8243; _module_preset=&#8221;default&#8221; width=&#8221;70%&#8221; module_alignment=&#8221;center&#8221; border_color_all_form_field=&#8221;#c4ccda&#8221; global_colors_info=&#8221;{}&#8221;][\/dipl_ajax_search][\/et_pb_column][\/et_pb_row][\/et_pb_section]<\/p>\n","protected":false},"excerpt":{"rendered":"<p>Gu\u00edas y tutorialesPonemos a tu disposici\u00f3n una serie de gu\u00edas y tutoriales, para que aprendas a usar los recursos y servicios de nuestra biblioteca. Tal vez quieras consultar: Gu\u00edas | TutorialesGu\u00edas<div class=\"et_pb_module dipl_faq_page_schema dipl_faq_page_schema_0\">\n\t\t\t\t<div class=\"dipl_faq_wrapper dipl_faq_grid dipl_faq_col_1 \" itemscope itemtype=\"https:\/\/schema.org\/FAQPage\"><\/div>\n\t\t\t<\/div><div class=\"et_pb_module dipl_faq_page_schema_item dipl_faq_page_schema_item_0\">\n\t\t\t\t<div class=\"dipl_faq_item_wrapper\" itemscope itemprop=\"mainEntity\" itemtype=\"https:\/\/schema.org\/Question\">\n                <div class=\"dipl_question_wrapper\"><h4 itemprop=\"name\">Solicita tu constancia de no adeudo<\/h4><\/div>\n                \n            <\/div>\n\t\t\t<\/div>Desde tu correo electr\u00f3nico institucional (preferentemente) escr\u00edbenos [&hellip;]<\/p>\n","protected":false},"author":1,"featured_media":0,"parent":0,"menu_order":0,"comment_status":"closed","ping_status":"closed","template":"","meta":{"_et_pb_use_builder":"on","_et_pb_old_content":"","_et_gb_content_width":"","footnotes":""},"class_list":["post-1945","page","type-page","status-publish","hentry"],"_links":{"self":[{"href":"http:\/\/biblioteca.ajusco.upn.mx\/index.php\/wp-json\/wp\/v2\/pages\/1945","targetHints":{"allow":["GET"]}}],"collection":[{"href":"http:\/\/biblioteca.ajusco.upn.mx\/index.php\/wp-json\/wp\/v2\/pages"}],"about":[{"href":"http:\/\/biblioteca.ajusco.upn.mx\/index.php\/wp-json\/wp\/v2\/types\/page"}],"author":[{"embeddable":true,"href":"http:\/\/biblioteca.ajusco.upn.mx\/index.php\/wp-json\/wp\/v2\/users\/1"}],"replies":[{"embeddable":true,"href":"http:\/\/biblioteca.ajusco.upn.mx\/index.php\/wp-json\/wp\/v2\/comments?post=1945"}],"version-history":[{"count":0,"href":"http:\/\/biblioteca.ajusco.upn.mx\/index.php\/wp-json\/wp\/v2\/pages\/1945\/revisions"}],"wp:attachment":[{"href":"http:\/\/biblioteca.ajusco.upn.mx\/index.php\/wp-json\/wp\/v2\/media?parent=1945"}],"curies":[{"name":"wp","href":"https:\/\/api.w.org\/{rel}","templated":true}]}}